{"id":98,"date":"2021-12-18T21:31:19","date_gmt":"2021-12-18T20:31:19","guid":{"rendered":"https:\/\/mave.honzicek.com\/?page_id=98"},"modified":"2022-03-01T15:31:05","modified_gmt":"2022-03-01T14:31:05","slug":"narodni-program-boje-proti-chronickym-respiracnim-onemocnenim-v-ceske-republice","status":"publish","type":"page","link":"https:\/\/caro-gard.cz\/?page_id=98","title":{"rendered":"N\u00e1rodn\u00ed program boje proti chronick\u00fdm respira\u010dn\u00edm onemocn\u011bn\u00edm v \u010cesk\u00e9 republice"},"content":{"rendered":"<p>[et_pb_section fb_built=&#8221;1&#8243; next_background_color=&#8221;#ffffff&#8221; _builder_version=&#8221;4.14.8&#8243; _module_preset=&#8221;default&#8221; background_image=&#8221;https:\/\/caro-gard.cz\/wp-content\/uploads\/2021\/12\/zahlavi_pozadi.png&#8221; min_height=&#8221;304.2px&#8221; bottom_divider_style=&#8221;slant&#8221; bottom_divider_flip=&#8221;horizontal&#8221; hover_enabled=&#8221;0&#8243; global_colors_info=&#8221;{}&#8221; sticky_enabled=&#8221;0&#8243; alt=&#8221;pozad\u00ed&#8221; title_text=&#8221;pozad\u00ed&#8221;][et_pb_row _builder_version=&#8221;4.14.2&#8243; _module_preset=&#8221;default&#8221; global_colors_info=&#8221;{}&#8221;][et_pb_column type=&#8221;4_4&#8243; _builder_version=&#8221;4.14.2&#8243; _module_preset=&#8221;default&#8221; global_colors_info=&#8221;{}&#8221;][et_pb_text _builder_version=&#8221;4.14.2&#8243; _module_preset=&#8221;default&#8221; text_font=&#8221;Inria Serif|700|||||||&#8221; text_text_color=&#8221;#FFFFFF&#8221; text_font_size=&#8221;30px&#8221; text_line_height=&#8221;1.3em&#8221; header_text_align=&#8221;left&#8221; header_6_font=&#8221;Inria Serif|700|||||||&#8221; header_6_text_color=&#8221;#FFFFFF&#8221; header_6_font_size=&#8221;16px&#8221; background_enable_image=&#8221;off&#8221; max_width=&#8221;70%&#8221; max_width_tablet=&#8221;70%&#8221; max_width_phone=&#8221;100%&#8221; max_width_last_edited=&#8221;on|phone&#8221; text_font_size_tablet=&#8221;30px&#8221; text_font_size_phone=&#8221;25px&#8221; text_font_size_last_edited=&#8221;on|phone&#8221; header_font_size_tablet=&#8221;&#8221; header_font_size_phone=&#8221;25px&#8221; header_font_size_last_edited=&#8221;on|phone&#8221; header_6_font_size_tablet=&#8221;16px&#8221; header_6_font_size_phone=&#8221;14px&#8221; header_6_font_size_last_edited=&#8221;on|phone&#8221; global_colors_info=&#8221;{}&#8221;]<\/p>\n<div class=\"page\" title=\"Page 1\">\n<div class=\"layoutArea\">\n<div class=\"column\">\n<p>N\u00e1rodn\u00ed program boje proti chronick\u00fdm respira\u010dn\u00edm onemocn\u011bn\u00edm v \u010cesk\u00e9 republice<\/p>\n<h6 style=\"text-align: left;\"><strong>Praha, 1. 8. 2008<\/strong><\/h6>\n<p>&nbsp;<\/p>\n<\/div>\n<\/div>\n<\/div>\n<p>[\/et_pb_text][\/et_pb_column][\/et_pb_row][\/et_pb_section][et_pb_section fb_built=&#8221;1&#8243; _builder_version=&#8221;4.14.2&#8243; _module_preset=&#8221;default&#8221; global_colors_info=&#8221;{}&#8221;][et_pb_row _builder_version=&#8221;4.14.2&#8243; _module_preset=&#8221;default&#8221; min_height=&#8221;1238.4px&#8221; custom_margin=&#8221;-43px|auto||auto||&#8221; global_colors_info=&#8221;{}&#8221;][et_pb_column type=&#8221;4_4&#8243; _builder_version=&#8221;4.14.2&#8243; _module_preset=&#8221;default&#8221; global_colors_info=&#8221;{}&#8221;][et_pb_text _builder_version=&#8221;4.14.2&#8243; _module_preset=&#8221;default&#8221; text_font=&#8221;Open Sans||||||||&#8221; text_text_color=&#8221;#404040&#8243; text_font_size=&#8221;16px&#8221; header_3_font=&#8221;Inria Serif|700|||||||&#8221; header_3_text_color=&#8221;#0082AD&#8221; header_3_font_size=&#8221;30px&#8221; header_6_font=&#8221;Inria Serif|700|||||||&#8221; header_6_text_color=&#8221;#DF428B&#8221; max_width=&#8221;80%&#8221; max_width_tablet=&#8221;80%&#8221; max_width_phone=&#8221;100%&#8221; max_width_last_edited=&#8221;on|phone&#8221; global_colors_info=&#8221;{}&#8221;]<\/p>\n<h3><strong>\u00a0C\u00edle:<\/strong><\/h3>\n<p>&nbsp;<\/p>\n<p>Sni\u017eov\u00e1n\u00ed incidence a mortality chronick\u00fdch respira\u010dn\u00edch onemocn\u011bn\u00ed.<\/p>\n<p>Zlep\u0161ov\u00e1n\u00ed kvality \u017eivota nemocn\u00fdch s chronick\u00fdmi respira\u010dn\u00edmi onemocn\u011bn\u00edmi.<\/p>\n<p>Racionalizace n\u00e1klad\u016f na diagnostiku a l\u00e9\u010dbu respira\u010dn\u00edch nemoc\u00ed v \u010cR.<br \/><strong><\/strong><\/p>\n<p>&nbsp;<\/p>\n<h3><strong><\/strong><\/h3>\n<h3><strong><\/strong><\/h3>\n<h3><strong><\/strong><\/h3>\n<h3><strong>Strategie:<\/strong><\/h3>\n<p>&nbsp;<\/p>\n<p>Boj proti chronick\u00fdm respira\u010dn\u00edm onemocn\u011bn\u00edm jako sou\u010d\u00e1st politicky podporovan\u00fdch aktivit na r\u016fzn\u00fdch \u00farovn\u00edch spole\u010densk\u00e9ho \u017eivota.<\/p>\n<p>Zv\u00fd\u0161en\u00ed informovanosti laick\u00e9 ve\u0159ejnosti o chronick\u00fdch respira\u010dn\u00edch onemocn\u011bn\u00edch. Legislativn\u00ed a pracovn\u00ed propojen\u00ed subjekt\u016f (odborn\u00fdch i laick\u00fdch nevl\u00e1dn\u00edch organizac\u00ed), spolupracuj\u00edc\u00edch na N\u00e1rodn\u00edm programu boje proti chronick\u00fdm respira\u010dn\u00edm onemocn\u011bn\u00edm.<\/p>\n<p>Kooperace s org\u00e1ny WHO a EU zab\u00fdvaj\u00edc\u00edmi se stejnou problematikou (GARD \u2013 Glob\u00e1ln\u00ed aliance proti chronick\u00fdm respira\u010dn\u00edm onemocn\u011bn\u00edm a dal\u0161\u00ed).<\/p>\n<p>Nav\u00e1z\u00e1n\u00ed na st\u00e1vaj\u00edc\u00ed aktivity formou jejich konkretizace a st\u00e1l\u00e9 inovace.<\/p>\n<p>Pr\u016fb\u011b\u017en\u00e9 vyhodnocov\u00e1n\u00ed epidemiologick\u00fdch, l\u00e9\u010debn\u011b-preventivn\u00edch a ekonomick\u00fdch indik\u00e1tor\u016f v\u00fdvoje respira\u010dn\u00edch nemoc\u00ed.<\/p>\n<p>&nbsp;<\/p>\n<h3><strong><\/strong><\/h3>\n<h3><strong>\u00dakoly:<\/strong><\/h3>\n<p><strong><\/strong><\/p>\n<p><strong><\/strong><\/p>\n<p>1) V r\u00e1mci prim\u00e1rn\u00ed prevence ve\u0159ejn\u011b propagovat neku\u0159\u00e1ctv\u00ed u dosp\u00edvaj\u00edc\u00ed ml\u00e1de\u017ee i\u00a0dosp\u011bl\u00e9 populace. Pom\u00e1hat aktivit\u00e1m sm\u011b\u0159uj\u00edc\u00edm ke zdrav\u00e9mu \u017eivotn\u00edmu prost\u0159ed\u00ed a\u00a0zdrav\u00e9mu \u017eivotn\u00edmu stylu.<\/p>\n<p>2) Pr\u016fb\u011b\u017en\u011b zlep\u0161ovat dostupnost epidemiologick\u00fdch dat o chronick\u00fdch respira\u010dn\u00edch\u00a0onemocn\u011bn\u00edch.<\/p>\n<p>3) Postupn\u011b zav\u00e1d\u011bt do praxe screeningov\u00e9 programy u ohro\u017een\u00e9 \u010d\u00e1sti populace s pou\u017eit\u00edm jednoduch\u00fdch vy\u0161et\u0159ovac\u00edch metod, jako je spirometrie a skiagrafie hrudn\u00edku.<\/p>\n<p>4) Zlep\u0161it \u010dasnou diagnostiku zam\u011b\u0159enou na nej\u010dast\u011bj\u0161\u00ed chronick\u00e1 respira\u010dn\u00ed onemocn\u011bn\u00ed\u00a0ve spolupr\u00e1ci s l\u00e9ka\u0159i prvn\u00edho kontaktu p\u0159edev\u0161\u00edm u chronick\u00e9 obstruk\u010dn\u00ed plicn\u00ed\u00a0nemoci (CHOPN), bronchi\u00e1ln\u00edho astmatu d\u011btsk\u00e9 i dosp\u011bl\u00e9 populace a karcinomu plic.<\/p>\n<p>5) Specifikovat \u010dinnost a postaven\u00ed komplexn\u00edch specializovan\u00fdch center pro diagnostiku a l\u00e9\u010dbu nejz\u00e1va\u017en\u011bj\u0161\u00edch chronick\u00fdch respira\u010dn\u00edch onemocn\u011bn\u00ed. Konkr\u00e9tn\u011b by se jednalo o n\u00e1sleduj\u00edc\u00ed specializovan\u00e9 provozy: centra pro obt\u00ed\u017en\u011b l\u00e9\u010diteln\u00e9 bronchi\u00e1ln\u00ed astma, jednotky intenzivn\u00ed p\u00e9\u010de zam\u011b\u0159en\u00e9 na l\u00e9\u010dbu respira\u010dn\u00edho selh\u00e1n\u00ed u CHOPN a bronchi\u00e1ln\u00edho astmatu, pneumoonkologick\u00e1 centra s terapeutickou bronchologi\u00ed, centra pro l\u00e9\u010dbu z\u00e1vislosti na tab\u00e1ku, centra pro cystickou fibr\u00f3zu a centra (laborato\u0159e) pro sp\u00e1nkov\u00e9 poruchy.<\/p>\n<p>6) Pr\u016fb\u011b\u017en\u011b kontrolovat kompetence ustanoven\u00fdch center na z\u00e1klad\u011b akredita\u010dn\u00edch proces\u016f spo\u010d\u00edvaj\u00edc\u00edch ve standardizaci postup\u016f, v\u00fdm\u011bny informac\u00ed, hodnocen\u00ed technick\u00e9ho vybaven\u00ed a na z\u00e1klad\u011b geografick\u00e9 ekvity.<\/p>\n<p>7) Podpora vzd\u011bl\u00e1v\u00e1n\u00ed a aplikovan\u00e9ho v\u00fdzkumu v oblasti chronick\u00fdch respira\u010dn\u00edch onemocn\u011bn\u00ed.<\/p>\n<p><b>Za \u010cSAKI<\/b><br \/>doc. MUDr. V\u00edt Petr\u016f, CSc.<\/p>\n<p><b>Za \u010cARO o.s.<\/b><br \/>prof. MUDr. V\u00edt\u011bzslav Kolek, DrSc.<br \/>prof. MUDr. V\u00e1clav \u0160pi\u010d\u00e1k, CSc.<\/p>\n<p><b>Za \u010cPFS<\/b><br \/>prim. MUDr.Stanislav Kos, CSc.<\/p>\n<h3><strong><\/strong><\/h3>\n<h3><strong><\/strong><\/h3>\n<p><strong><\/strong><\/p>\n<h3><strong>P\u0159\u00edloha: Seznam subjekt\u016f podporuj\u00edc\u00edch \u010cARO<\/strong><\/h3>\n<p><strong><\/strong><\/p>\n<p><strong><\/strong><\/p>\n<p>\u010cesk\u00e1 pneumologick\u00e1 a ftizeologick\u00e1 spole\u010dnost \u010cLS JEP (prim. MUDr. St. Kos, CSc.)<\/p>\n<p>\u010cesk\u00e1 spole\u010dnost alergologie a klinick\u00e9 imunologie \u010cLS JEP (doc. MUDr. V. Petr\u016f, CSc.)<\/p>\n<p>\u010cesk\u00e1 kancel\u00e1\u0159 WHO\u00a0(MUDr. \u0160teflov\u00e1)<\/p>\n<p>\u010cesk\u00e9 ob\u010dansk\u00e9 sdru\u017een\u00ed proti chronick\u00e9 obstruk\u010dn\u00ed plicn\u00ed nemoci (\u010cOPN) (doc. MUDr. J. Musil, CSc.)<\/p>\n<p>\u010cesk\u00e1 iniciativa pro astma o.p.s. (\u010cIPA) (doc. MUDr. F. Salajka, CSc.)<\/p>\n<p>Spole\u010dnost pro l\u00e9\u010dbu z\u00e1vislosti na tab\u00e1ku\u00a0(MUDr. E. Kr\u00e1l\u00edkov\u00e1, Ph.D.)<\/p>\n<p>\u010cesk\u00e1 onkologick\u00e1 spole\u010dnost \u010cLS JEP\u00a0(prof. MUDr. J. Vorl\u00ed\u010dek, CSc.)<\/p>\n<p>\u010cesk\u00e1 spole\u010dnost pracovn\u00edho l\u00e9ka\u0159stv\u00ed \u010cLS JEP\u00a0(prof. MUDr. D. Pelclov\u00e1, CSc.)<\/p>\n<p>\u010cesk\u00e1 spole\u010dnost nemoc\u00ed z povol\u00e1n\u00ed \u010cLS JEP\u00a0(prof. MUDr. P. Brhel, CSc.)<\/p>\n<p>Spole\u010dnost pro v\u00fdzkum sp\u00e1nkov\u00fdch poruch a sp\u00e1nkovou medic\u00ednu\u00a0(prof. MUDr. K. \u0160onka, DrSc.)<\/p>\n<p>Spole\u010dnost v\u0161eobecn\u00e9ho l\u00e9ka\u0159stv\u00ed \u010cLS JEP\u00a0(doc. MUDr. Sv. B\u00fdma, CSc.)<\/p>\n<p>Odborn\u00e1 spole\u010dnost praktick\u00fdch d\u011btsk\u00fdch l\u00e9ka\u0159\u016f \u010cLS JEP\u00a0(MUDr. H. Cabrnochov\u00e1)<\/p>\n<p>Sdru\u017een\u00ed praktick\u00fdch l\u00e9ka\u0159\u016f\u00a0(MUDr.V. \u0160matl\u00e1k)<\/p>\n<p>N\u00e1rodn\u00ed centrum pro t\u011b\u017ek\u00e9 astma (NTA)\u00a0(MUDr. V. Sedl\u00e1k)<\/p>\n<p>Pracovn\u00ed skupina pediatrick\u00e9 pneumologie \u010cesk\u00e9 pediatrick\u00e9 spole\u010dnosti \u010cLS JEP (prof. MUDr. P. Pohunek, Ph.D.)<\/p>\n<p>Klub pro cystickou fibr\u00f3zu\u00a0(Mgr. Tesa\u0159ov\u00e1)<\/p>\n<p>Sdru\u017een\u00ed na pomoc chronicky nemocn\u00fdm d\u011btem, Praha (prof. MUDr. J. Hy\u00e1nek, DrSc.)<\/p>\n<p>SPCCH ZO respirik\u016f, Hradec Kr\u00e1lov\u00e9\u00a0(prim. MUDr. Z. Par\u00e1kov\u00e1)<\/p>\n<p>SPCCH ZO astmatik\u016f, Olomouc\u00a0(M. Mikul\u00e1\u0161ov\u00e1)<\/p>\n<p>Sdru\u017een\u00ed pro alergick\u00e9 a astmatick\u00e9 d\u011bti, Brno (MUDr. Drah. \u0158\u00ed\u010dn\u00fd, CSc.)<\/p>\n<p>Pneumologick\u00e1 sekce p\u0159i \u010cesk\u00e9 asociaci sester\u00a0(E. Feketeov\u00e1)<\/p>\n<p>[\/et_pb_text][\/et_pb_column][\/et_pb_row][\/et_pb_section]<\/p>\n","protected":false},"excerpt":{"rendered":"<p>N\u00e1rodn\u00ed program boje proti chronick\u00fdm respira\u010dn\u00edm onemocn\u011bn\u00edm v \u010cesk\u00e9 republice Praha, 1. 8. 2008 &nbsp; \u00a0C\u00edle: &nbsp; Sni\u017eov\u00e1n\u00ed incidence a mortality chronick\u00fdch respira\u010dn\u00edch onemocn\u011bn\u00ed. Zlep\u0161ov\u00e1n\u00ed kvality \u017eivota nemocn\u00fdch s chronick\u00fdmi respira\u010dn\u00edmi onemocn\u011bn\u00edmi. Racionalizace n\u00e1klad\u016f na diagnostiku a l\u00e9\u010dbu respira\u010dn\u00edch nemoc\u00ed v \u010cR. &nbsp; Strategie: &nbsp; Boj proti chronick\u00fdm respira\u010dn\u00edm onemocn\u011bn\u00edm jako sou\u010d\u00e1st politicky podporovan\u00fdch aktivit [&hellip;]<\/p>\n","protected":false},"author":1,"featured_media":0,"parent":0,"menu_order":0,"comment_status":"closed","ping_status":"closed","template":"","meta":{"_et_pb_use_builder":"on","_et_pb_old_content":"<!-- wp:divi\/placeholder \/-->","_et_gb_content_width":"","_monsterinsights_skip_tracking":false,"_monsterinsights_sitenote_active":false,"_monsterinsights_sitenote_note":"","_monsterinsights_sitenote_category":0,"footnotes":""},"aioseo_notices":[],"_links":{"self":[{"href":"https:\/\/caro-gard.cz\/index.php?rest_route=\/wp\/v2\/pages\/98"}],"collection":[{"href":"https:\/\/caro-gard.cz\/index.php?rest_route=\/wp\/v2\/pages"}],"about":[{"href":"https:\/\/caro-gard.cz\/index.php?rest_route=\/wp\/v2\/types\/page"}],"author":[{"embeddable":true,"href":"https:\/\/caro-gard.cz\/index.php?rest_route=\/wp\/v2\/users\/1"}],"replies":[{"embeddable":true,"href":"https:\/\/caro-gard.cz\/index.php?rest_route=%2Fwp%2Fv2%2Fcomments&post=98"}],"version-history":[{"count":10,"href":"https:\/\/caro-gard.cz\/index.php?rest_route=\/wp\/v2\/pages\/98\/revisions"}],"predecessor-version":[{"id":778,"href":"https:\/\/caro-gard.cz\/index.php?rest_route=\/wp\/v2\/pages\/98\/revisions\/778"}],"wp:attachment":[{"href":"https:\/\/caro-gard.cz\/index.php?rest_route=%2Fwp%2Fv2%2Fmedia&parent=98"}],"curies":[{"name":"wp","href":"https:\/\/api.w.org\/{rel}","templated":true}]}}