{"id":905,"date":"2022-09-07T10:37:51","date_gmt":"2022-09-07T08:37:51","guid":{"rendered":"https:\/\/caro-gard.cz\/?page_id=905"},"modified":"2026-02-24T10:27:29","modified_gmt":"2026-02-24T09:27:29","slug":"905-2","status":"publish","type":"page","link":"https:\/\/caro-gard.cz\/?page_id=905","title":{"rendered":""},"content":{"rendered":"<p>[et_pb_section fb_built=&#8221;1&#8243; next_background_color=&#8221;#ffffff&#8221; _builder_version=&#8221;4.16&#8243; _module_preset=&#8221;default&#8221; background_image=&#8221;https:\/\/caro-gard.cz\/wp-content\/uploads\/2021\/12\/zahlavi_pozadi.png&#8221; min_height=&#8221;304.2px&#8221; bottom_divider_style=&#8221;slant&#8221; bottom_divider_flip=&#8221;horizontal&#8221; global_colors_info=&#8221;{}&#8221;][et_pb_row _builder_version=&#8221;4.16&#8243; _module_preset=&#8221;default&#8221; custom_margin=&#8221;|auto|-59px|auto||&#8221; global_colors_info=&#8221;{}&#8221;][et_pb_column type=&#8221;4_4&#8243; _builder_version=&#8221;4.16&#8243; _module_preset=&#8221;default&#8221; global_colors_info=&#8221;{}&#8221;][et_pb_text _builder_version=&#8221;4.16&#8243; _module_preset=&#8221;default&#8221; text_font=&#8221;Inria Serif|700|||||||&#8221; text_text_color=&#8221;#FFFFFF&#8221; text_font_size=&#8221;30px&#8221; text_line_height=&#8221;1.3em&#8221; header_font=&#8221;Inria Serif|700|||||||&#8221; header_text_align=&#8221;left&#8221; header_text_color=&#8221;#FFFFFF&#8221; header_line_height=&#8221;1.2em&#8221; header_2_font=&#8221;Inria Serif||||||||&#8221; header_2_text_color=&#8221;#FFFFFF&#8221; header_2_font_size=&#8221;24px&#8221; header_2_line_height=&#8221;1.2em&#8221; header_6_font=&#8221;Inria Serif|700|||||||&#8221; header_6_text_color=&#8221;#FFFFFF&#8221; header_6_font_size=&#8221;16px&#8221; header_6_line_height=&#8221;4.7em&#8221; background_enable_image=&#8221;off&#8221; max_width=&#8221;70%&#8221; max_width_tablet=&#8221;70%&#8221; max_width_phone=&#8221;90%&#8221; max_width_last_edited=&#8221;on|phone&#8221; header_font_size_tablet=&#8221;40px&#8221; header_font_size_phone=&#8221;25px&#8221; header_font_size_last_edited=&#8221;on|phone&#8221; header_2_font_size_tablet=&#8221;24px&#8221; header_2_font_size_phone=&#8221;20px&#8221; header_2_font_size_last_edited=&#8221;on|phone&#8221; header_6_font_size_tablet=&#8221;16px&#8221; header_6_font_size_phone=&#8221;14px&#8221; header_6_font_size_last_edited=&#8221;on|phone&#8221; global_colors_info=&#8221;{}&#8221;]<\/p>\n<div class=\"page\" title=\"Page 1\">\n<div class=\"layoutArea\">\n<div class=\"column\">\n<h1><strong>\u0160patn\u00e9 d\u00fdch\u00e1n\u00ed nemus\u00ed b\u00fdt jen z vedra. Jak poznat, \u017ee to m\u016f\u017ee b\u00fdt p\u0159\u00edznak pot\u00ed\u017e\u00ed se srdcem<\/strong><\/h1>\n<h6 style=\"text-align: left;\"><strong>Zdroj: prozeny.cz<\/strong><\/h6>\n<p>&nbsp;<\/p>\n<\/div>\n<\/div>\n<\/div>\n<p>[\/et_pb_text][\/et_pb_column][\/et_pb_row][\/et_pb_section][et_pb_section fb_built=&#8221;1&#8243; _builder_version=&#8221;4.16&#8243; _module_preset=&#8221;default&#8221; global_colors_info=&#8221;{}&#8221;][et_pb_row _builder_version=&#8221;4.16&#8243; _module_preset=&#8221;default&#8221; min_height=&#8221;1238.4px&#8221; custom_margin=&#8221;-43px|auto||auto||&#8221; custom_padding=&#8221;65px|||||&#8221; global_colors_info=&#8221;{}&#8221;][et_pb_column type=&#8221;4_4&#8243; _builder_version=&#8221;4.16&#8243; _module_preset=&#8221;default&#8221; global_colors_info=&#8221;{}&#8221;][et_pb_text _builder_version=&#8221;4.18.0&#8243; _module_preset=&#8221;default&#8221; text_font=&#8221;Open Sans||||||||&#8221; text_text_color=&#8221;#404040&#8243; text_font_size=&#8221;16px&#8221; header_3_font=&#8221;Inria Serif|700|||||||&#8221; header_3_text_color=&#8221;#0082AD&#8221; header_3_line_height=&#8221;1.4em&#8221; header_4_font=&#8221;Inria Serif||on||||||&#8221; header_4_text_color=&#8221;#0082AD&#8221; header_4_font_size=&#8221;20px&#8221; header_4_line_height=&#8221;1.3em&#8221; header_6_font=&#8221;Inria Serif|700|||||||&#8221; header_6_text_color=&#8221;#DF428B&#8221; max_width=&#8221;80%&#8221; max_width_tablet=&#8221;80%&#8221; max_width_phone=&#8221;100%&#8221; max_width_last_edited=&#8221;on|phone&#8221; global_colors_info=&#8221;{}&#8221;]<strong>Du\u0161nost vyvolan\u00e1 \u0161patn\u011b funguj\u00edc\u00edm krevn\u00edm ob\u011bhem vznik\u00e1 v souvislosti se srde\u010dn\u00edm selh\u00e1n\u00edm. P\u0159i n\u011bm t\u011blo tak\u00e9 zadr\u017euje tekutiny, proto\u017ee se sna\u017e\u00ed udr\u017eet dostate\u010dnou \u00farove\u0148 krevn\u00edho ob\u011bhu. Proto je t\u0159eba si v\u017edy v\u0161\u00edmat, zda nemocn\u00e9ho krom\u011b d\u00fdch\u00e1n\u00ed netr\u00e1p\u00ed tak\u00e9 otoky.<\/strong><\/p>\n<p>Du\u0161nost vznik\u00e1 v d\u016fsledku \u0161patn\u00e9ho okysli\u010den\u00ed t\u011bla. Jednou z p\u0159\u00ed\u010din b\u00fdv\u00e1 ischemick\u00e1 choroba srde\u010dn\u00ed \u010dili ucp\u00e1v\u00e1n\u00ed c\u00e9v, probl\u00e9my se se srde\u010dn\u00ed chlopn\u00ed nebo p\u0159\u00edmo posti\u017een\u00ed srde\u010dn\u00edho svalu \u010dili kardiomyopatie. Pot\u00ed\u017ee mohou vzniknout n\u00e1hle nebo jsou chronick\u00e9.<\/p>\n<p>K n\u00e1hl\u00fdm pot\u00ed\u017e\u00edm s d\u00fdch\u00e1n\u00edm doch\u00e1z\u00ed pr\u00e1v\u011b u infarktu. Du\u0161nost b\u00fdv\u00e1 dokonce \u010dast\u011bj\u0161\u00edm p\u0159\u00edznakem ne\u017e bolest na hrudi. Tepna z\u00e1sobuj\u00edc\u00ed srdce kysl\u00edkem se toti\u017e ucpe a bu\u0148ky nedost\u00e1vaj\u00ed kysl\u00edk.<\/p>\n<p>\u010c\u00edm d\u00e9le tento stav trv\u00e1, t\u00edm v\u00edce bun\u011bk odum\u00edr\u00e1. Z\u00e1sadn\u00ed je proto tepnu co nejd\u0159\u00edve znovu zpr\u016fchodnit, a doc\u00edlit tak co nejmen\u0161\u00edho po\u0161kozen\u00ed srde\u010dn\u00edho svalu.<\/p>\n<h2><strong>Voda na plic\u00edch neboli pohrudni\u010dn\u00ed v\u00fdpotky<\/strong><\/h2>\n<p>Du\u0161nost\u00ed trp\u00ed tak\u00e9 pacienti, u kter\u00fdch jsou p\u0159\u00edtomny pohrudni\u010dn\u00ed v\u00fdpotky, lidov\u011b \u0159e\u010deno maj\u00ed vodu na plic\u00edch. K tomuto stavu doch\u00e1z\u00ed tak\u00e9 p\u0159i \u0161patn\u00e9 funkci ob\u011bhov\u00e9ho syst\u00e9mu v souvislosti s ucpan\u00fdmi c\u00e9vami nebo po\u0161kozen\u00fdm srdcem.<\/p>\n<p>Jestli\u017ee toti\u017e srdce nen\u00ed schopn\u00e9 plnit funkci pumpy, za\u010dne se v bl\u00edzk\u00fdch c\u00e9v\u00e1ch m\u011bstnat krev a postupn\u011b se zde zv\u00fd\u0161\u00ed i krevn\u00ed tlak. Krevn\u00ed tekutina se pak m\u016f\u017ee pod tlakem filtrovat z dan\u00fdch c\u00e9v do okol\u00ed, co\u017e vede k rozvoji otok\u016f a plicn\u00edho ed\u00e9mu, p\u0159i\u010dem\u017e se objevuje tak\u00e9 voda na plic\u00edch.<\/p>\n<p><strong>\u00a0<\/strong><\/p>\n<h2>Plicn\u00ed embolie<\/h2>\n<p>Nejnebezpe\u010dn\u011bj\u0161\u00edm stavem je plicn\u00ed embolie, kdy se krevn\u00ed sra\u017eenina dostane do plic a ty ucpe. Varuj\u00edc\u00edm p\u0159\u00edznakem je rychl\u00fd n\u00e1stup du\u0161nosti i v \u00fapln\u00e9m klidu. O z\u00e1chran\u011b \u017eivota rozhoduj\u00ed minuty.<\/p>\n<p><strong>\u00a0<\/strong><\/p>\n<h2>Kdy volat z\u00e1chranku<\/h2>\n<p>Varovat by v\u00e1s m\u011bla du\u0161nost v klidu, otoky a \u00fanava. V\u017edy je t\u0159eba co nejd\u0159\u00edve konzultovat stav se sv\u00fdm l\u00e9ka\u0159em, a to plat\u00ed nejen pro kardiaky, kte\u0159\u00ed se u\u017e s nemocemi srdce a c\u00e9v l\u00e9\u010d\u00ed.<\/p>\n<p>Pokud se p\u0159id\u00e1 bolest na hrudi, je t\u0159eba zavolat z\u00e1chranku. M\u016f\u017ee j\u00edt o p\u0159\u00edznak akutn\u00edho infarktu. Bolest na hrudi v tomto p\u0159\u00edpad\u011b b\u00fdv\u00e1 trval\u00e1, p\u00e1liv\u00e1 nebo tlakov\u00e1. M\u016f\u017ee vyst\u0159elovat mezi lopatky, do pa\u017e\u00ed \u010di ramene. Pacienty tak\u00e9 bol\u00ed prav\u00e1 ruka, z\u00e1da nebo t\u0159eba doln\u00ed \u010delist. M\u016f\u017ee se st\u00e1t, \u017ee bolest v t\u011bchto m\u00edstech je i siln\u011bj\u0161\u00ed ne\u017e za hrudn\u00ed kost\u00ed.<\/p>\n<p>Z\u00e1chrannou slu\u017ebu je t\u0159eba volat tak\u00e9 ve chv\u00edli, kdy pot\u00ed\u017ee s du\u0161nost\u00ed souvisej\u00ed s vdechnut\u00edm ciz\u00edho t\u011blesa nebo s pneumotoraxem, kdy se do plic dostane vzduch nap\u0159\u00edklad po \u00farazu. Varuj\u00edc\u00edm p\u0159\u00edznakem je rychl\u00fd n\u00e1stup du\u0161nosti i v \u00fapln\u00e9m klidu, ten m\u016f\u017ee zna\u010dit plicn\u00ed embolii.<\/p>\n<p>\u010cl\u00e1nek vy\u0161el v internetov\u00e9m magaz\u00ednu <a href=\"https:\/\/www.prozeny.cz\/clanek\/dusnost-vznika-i-kvuli-potizim-s-krevnim-obehem-srdce-nestiha-zasobit-plice-kyslikem-hrozi-infarkt-82025#utm_content=ribbonnews&amp;utm_term=doc.%20sova&amp;utm_medium=hint&amp;utm_source=search.seznam.cz\"><\/a><a href=\"https:\/\/www.prozeny.cz\/clanek\/dusnost-vznika-i-kvuli-potizim-s-krevnim-obehem-srdce-nestiha-zasobit-plice-kyslikem-hrozi-infarkt-82025#utm_content=ribbonnews&amp;utm_term=doc.%20sova&amp;utm_medium=hint&amp;utm_source=search.seznam.cz\" style=\"color: black;\"><u>prozeny.cz.<\/a><\/u><\/p>\n<p style=\"font-weight: 400;\">[\/et_pb_text][\/et_pb_column][\/et_pb_row][\/et_pb_section]<\/p>\n","protected":false},"excerpt":{"rendered":"<p>\u0160patn\u00e9 d\u00fdch\u00e1n\u00ed nemus\u00ed b\u00fdt jen z vedra. Jak poznat, \u017ee to m\u016f\u017ee b\u00fdt p\u0159\u00edznak pot\u00ed\u017e\u00ed se srdcem Zdroj: prozeny.cz &nbsp; Du\u0161nost vyvolan\u00e1 \u0161patn\u011b funguj\u00edc\u00edm krevn\u00edm ob\u011bhem vznik\u00e1 v souvislosti se srde\u010dn\u00edm selh\u00e1n\u00edm. P\u0159i n\u011bm t\u011blo tak\u00e9 zadr\u017euje tekutiny, proto\u017ee se sna\u017e\u00ed udr\u017eet dostate\u010dnou \u00farove\u0148 krevn\u00edho ob\u011bhu. Proto je t\u0159eba si v\u017edy v\u0161\u00edmat, zda nemocn\u00e9ho krom\u011b [&hellip;]<\/p>\n","protected":false},"author":1,"featured_media":0,"parent":0,"menu_order":0,"comment_status":"closed","ping_status":"closed","template":"","meta":{"_et_pb_use_builder":"on","_et_pb_old_content":"","_et_gb_content_width":"","_monsterinsights_skip_tracking":false,"_monsterinsights_sitenote_active":false,"_monsterinsights_sitenote_note":"","_monsterinsights_sitenote_category":0,"footnotes":""},"aioseo_notices":[],"_links":{"self":[{"href":"https:\/\/caro-gard.cz\/index.php?rest_route=\/wp\/v2\/pages\/905"}],"collection":[{"href":"https:\/\/caro-gard.cz\/index.php?rest_route=\/wp\/v2\/pages"}],"about":[{"href":"https:\/\/caro-gard.cz\/index.php?rest_route=\/wp\/v2\/types\/page"}],"author":[{"embeddable":true,"href":"https:\/\/caro-gard.cz\/index.php?rest_route=\/wp\/v2\/users\/1"}],"replies":[{"embeddable":true,"href":"https:\/\/caro-gard.cz\/index.php?rest_route=%2Fwp%2Fv2%2Fcomments&post=905"}],"version-history":[{"count":3,"href":"https:\/\/caro-gard.cz\/index.php?rest_route=\/wp\/v2\/pages\/905\/revisions"}],"predecessor-version":[{"id":1211,"href":"https:\/\/caro-gard.cz\/index.php?rest_route=\/wp\/v2\/pages\/905\/revisions\/1211"}],"wp:attachment":[{"href":"https:\/\/caro-gard.cz\/index.php?rest_route=%2Fwp%2Fv2%2Fmedia&parent=905"}],"curies":[{"name":"wp","href":"https:\/\/api.w.org\/{rel}","templated":true}]}}