{"id":829,"date":"2022-03-02T09:42:32","date_gmt":"2022-03-02T08:42:32","guid":{"rendered":"https:\/\/caro-gard.cz\/?page_id=829"},"modified":"2026-02-23T12:50:36","modified_gmt":"2026-02-23T11:50:36","slug":"829-2","status":"publish","type":"page","link":"https:\/\/caro-gard.cz\/?page_id=829","title":{"rendered":"Postcovid\u016f bude ub\u00fdvat"},"content":{"rendered":"<p>[et_pb_section fb_built=&#8221;1&#8243; next_background_color=&#8221;#ffffff&#8221; _builder_version=&#8221;4.16&#8243; _module_preset=&#8221;default&#8221; background_image=&#8221;https:\/\/caro-gard.cz\/wp-content\/uploads\/2021\/12\/zahlavi_pozadi.png&#8221; min_height=&#8221;304.2px&#8221; bottom_divider_style=&#8221;slant&#8221; bottom_divider_flip=&#8221;horizontal&#8221; global_colors_info=&#8221;{}&#8221;][et_pb_row _builder_version=&#8221;4.16&#8243; _module_preset=&#8221;default&#8221; custom_margin=&#8221;|auto|-59px|auto||&#8221; global_colors_info=&#8221;{}&#8221;][et_pb_column type=&#8221;4_4&#8243; _builder_version=&#8221;4.16&#8243; _module_preset=&#8221;default&#8221; global_colors_info=&#8221;{}&#8221;][et_pb_text _builder_version=&#8221;4.16&#8243; _module_preset=&#8221;default&#8221; text_font=&#8221;Inria Serif|700|||||||&#8221; text_text_color=&#8221;#FFFFFF&#8221; text_font_size=&#8221;30px&#8221; text_line_height=&#8221;1.3em&#8221; header_font=&#8221;Inria Serif|700|||||||&#8221; header_text_align=&#8221;left&#8221; header_text_color=&#8221;#FFFFFF&#8221; header_line_height=&#8221;1.2em&#8221; header_2_font=&#8221;Inria Serif||||||||&#8221; header_2_text_color=&#8221;#FFFFFF&#8221; header_2_font_size=&#8221;24px&#8221; header_2_line_height=&#8221;1.2em&#8221; header_6_font=&#8221;Inria Serif|700|||||||&#8221; header_6_text_color=&#8221;#FFFFFF&#8221; header_6_font_size=&#8221;16px&#8221; header_6_line_height=&#8221;4.7em&#8221; background_enable_image=&#8221;off&#8221; max_width=&#8221;70%&#8221; max_width_tablet=&#8221;70%&#8221; max_width_phone=&#8221;90%&#8221; max_width_last_edited=&#8221;on|phone&#8221; header_font_size_tablet=&#8221;&#8221; header_font_size_phone=&#8221;25px&#8221; header_font_size_last_edited=&#8221;on|phone&#8221; header_2_font_size_tablet=&#8221;24px&#8221; header_2_font_size_phone=&#8221;20px&#8221; header_2_font_size_last_edited=&#8221;on|phone&#8221; header_6_font_size_tablet=&#8221;16px&#8221; header_6_font_size_phone=&#8221;14px&#8221; header_6_font_size_last_edited=&#8221;on|phone&#8221; global_colors_info=&#8221;{}&#8221;]<\/p>\n<div class=\"page\" title=\"Page 1\">\n<div class=\"layoutArea\">\n<div class=\"column\">\n<h1><strong>Postcovid\u016f bude ub\u00fdvat, shoduj\u00ed se l\u00e9ka\u0159i<\/strong><\/h1>\n<h2><em><strong>Probl\u00e9my s d\u00fdch\u00e1n\u00edm by p\u0159esto lid\u00e9 podce\u0148ovat nem\u011bli<\/strong><\/em><\/h2>\n<h6 style=\"text-align: left;\"><\/h6>\n<p>&nbsp;<\/p>\n<\/div>\n<\/div>\n<\/div>\n<p>[\/et_pb_text][\/et_pb_column][\/et_pb_row][\/et_pb_section][et_pb_section fb_built=&#8221;1&#8243; _builder_version=&#8221;4.16&#8243; _module_preset=&#8221;default&#8221; global_colors_info=&#8221;{}&#8221;][et_pb_row _builder_version=&#8221;4.16&#8243; _module_preset=&#8221;default&#8221; min_height=&#8221;1238.4px&#8221; custom_margin=&#8221;-43px|auto||auto||&#8221; global_colors_info=&#8221;{}&#8221;][et_pb_column type=&#8221;4_4&#8243; _builder_version=&#8221;4.16&#8243; _module_preset=&#8221;default&#8221; global_colors_info=&#8221;{}&#8221;][et_pb_text _builder_version=&#8221;4.16&#8243; _module_preset=&#8221;default&#8221; text_font=&#8221;Open Sans||||||||&#8221; text_text_color=&#8221;#404040&#8243; text_font_size=&#8221;16px&#8221; header_3_font=&#8221;Inria Serif|700|||||||&#8221; header_3_text_color=&#8221;#0082AD&#8221; header_3_line_height=&#8221;1.4em&#8221; header_4_font=&#8221;Inria Serif||on||||||&#8221; header_4_text_color=&#8221;#0082AD&#8221; header_4_font_size=&#8221;20px&#8221; header_4_line_height=&#8221;1.3em&#8221; header_6_font=&#8221;Inria Serif|700|||||||&#8221; header_6_text_color=&#8221;#DF428B&#8221; max_width=&#8221;80%&#8221; max_width_tablet=&#8221;80%&#8221; max_width_phone=&#8221;100%&#8221; max_width_last_edited=&#8221;on|phone&#8221; global_colors_info=&#8221;{}&#8221;]<\/p>\n<p><strong>Praha, 10. 2. 2022 \u2013 V\u00a0\u010cesku denn\u011b p\u0159ib\u00fdv\u00e1 n\u011bkolik des\u00edtek tis\u00edc pacient\u016f s\u00a0nemoc\u00ed covid-19. Novou mutaci omikron podle l\u00e9ka\u0159\u016f prov\u00e1z\u00ed slab\u0161\u00ed pr\u016fb\u011bh ne\u017e p\u0159edchoz\u00ed varianty viru. St\u00e1le m\u00e9n\u011b lid\u00ed proto kon\u010d\u00ed s\u00a0t\u011b\u017ek\u00fdmi p\u0159\u00edznaky v\u00a0nemocnici a podobn\u011b tomu bude i s tzv. postcovidov\u00fdm syndromem. Ten se pacient\u016fm sice nevyhne, pneumologov\u00e9 v\u0161ak o\u010dek\u00e1vaj\u00ed m\u00e9n\u011b p\u0159\u00edpad\u016f ne\u017e doposud.<\/strong><\/p>\n<p><em>\u201eS postcovidov\u00fdm syndromem k\u00a0n\u00e1m p\u0159ich\u00e1zej\u00ed pacienti p\u0159ibli\u017en\u011b t\u0159i m\u011bs\u00edce po prod\u011bl\u00e1n\u00ed nemoci covid-19. Nyn\u00ed tedy je\u0161t\u011b st\u00e1le l\u00e9\u010d\u00edme ty, kte\u0159\u00ed prod\u011blali variantu delta. Prvn\u00ed pacienty po omikronu o\u010dek\u00e1v\u00e1me na p\u0159elomu b\u0159ezna a dubna,\u201c <\/em>\u0159\u00edk\u00e1 <strong>doc. MUDr. Milan Sova, Ph.D.,<\/strong> p\u0159ednosta Kliniky nemoc\u00ed plicn\u00edch a\u00a0TBC FN Brno. Postcovidov\u00fd syndrom se projevuje r\u016fzn\u011b a m\u016f\u017ee postihnout \u0159adu tk\u00e1n\u00ed a org\u00e1n\u016f v\u00a0t\u011ble, nap\u0159\u00edklad srdce nebo pl\u00edce. I n\u011bkolik m\u011bs\u00edc\u016f po nemoci si lid\u00e9 st\u011b\u017euj\u00ed na extr\u00e9mn\u00ed \u00fanavu, sn\u00ed\u017eenou v\u00fdkonost, bolest hlavy, zad\u00fdch\u00e1v\u00e1n\u00ed \u010di dlouhotrvaj\u00edc\u00ed ka\u0161el. <em>\u201eV\u011bt\u0161ina p\u0159\u00edznak\u016f covidu za n\u011bkolik dn\u00ed a\u017e t\u00fddn\u016f odezn\u00ed. U p\u0159ibli\u017en\u011b 15 % pacient\u016f se star\u0161\u00edmi variantami ale probl\u00e9my p\u0159etrv\u00e1vaj\u00ed a je nutn\u00e9 je l\u00e9\u010dit. St\u00e1le k\u00a0n\u00e1m p\u0159ich\u00e1z\u00ed velk\u00e9 mno\u017estv\u00ed lid\u00ed s\u00a0rozs\u00e1hl\u00fdmi zm\u011bnami na plic\u00edch,\u201c<\/em>vysv\u011btluje pneumolog <strong>MUDr. Samuel Genzor, Ph.D.,<\/strong> z\u00a0FN Olomouc a dod\u00e1v\u00e1: <em>\u201eS covidem je nap\u0159\u00edklad spojov\u00e1n \u010dast\u011bj\u0161\u00ed v\u00fdskyt plicn\u00ed embolie. Pacienta, kter\u00e9ho bol\u00ed na hrudi a je du\u0161n\u00fd, by proto m\u011bl v\u017edy vy\u0161et\u0159it l\u00e9ka\u0159.\u201c <\/em><\/p>\n<p><span>Lid\u00e9, kte\u0159\u00ed nemoc\u00ed covid-19 onemocn\u011bli, ale nebyli hospitalizov\u00e1ni, by m\u011bli k\u00a0plicn\u00edmu l\u00e9ka\u0159i zaj\u00edt, pokud se po 2\u20133 m\u011bs\u00edc\u00edch od infekce st\u00e1le pot\u00fdkaj\u00ed s respira\u010dn\u00edmi obt\u00ed\u017eemi. Hospitalizovan\u00e9 by m\u011bl pneumolog vid\u011bt 6\u201312 t\u00fddn\u016f od stanoven\u00ed diagn\u00f3zy. Pacient, jeho\u017e po prod\u011bl\u00e1n\u00ed covidu-19 <\/span>tr\u00e1p\u00ed d\u00e9letrvaj\u00edc\u00ed teploty, bolest na hrudi nebo dokonce vyka\u0161l\u00e1v\u00e1n\u00ed krve, by m\u011bl odbornou pomoc vyhledat okam\u017eit\u011b a ne\u010dekat, a\u017e pot\u00ed\u017ee samy odezn\u00ed<span>. <em>\u201eTypick\u00fd postcovidov\u00fd pacient je star\u0161\u00ed \u010dlov\u011bk po t\u011b\u017ek\u00e9m pr\u016fb\u011bhu nemoci, kter\u00fd byl v\u00a0nemocnici na ventilaci. Ve FN Brno jsme dosud provedli p\u0159ibli\u017en\u011b 3\u00a0000 kontrol pacient\u016f po covidu a z\u00e1va\u017en\u00e9 zm\u011bny na plic\u00edch jsme objevili asi u 2,5 % z nich,\u201c\u00a0<\/em>popisuje doc. Sova. <\/span><\/p>\n<p><span>L\u00e9\u010dba postcovidov\u00e9ho syndromu se u varianty omikron nejsp\u00ed\u0161 li\u0161it nebude. Vzhledem k leh\u010d\u00edmu pr\u016fb\u011bhu covidu-19 ale l\u00e9ka\u0159i o\u010dek\u00e1vaj\u00ed, \u017ee pouze men\u0161\u00ed \u010d\u00e1st z\u00a0des\u00edtek tis\u00edc naka\u017een\u00fdch bude vy\u017eadovat odborn\u00e9 vy\u0161et\u0159en\u00ed a l\u00e9\u010dbu. <em>\u201eZat\u00edm je t\u011b\u017ek\u00e9 odhadnout, jak velk\u00e1 \u010d\u00e1st t\u011bch, kte\u0159\u00ed prod\u011blali omikron, bude m\u00edt pot\u00ed\u017ee. Lze ale p\u0159edpokl\u00e1dat, \u017ee v\u011bt\u0161ina pacient\u016f s pot\u00ed\u017eemi m\u00e1 postcovidov\u00fd syndrom \u201atypu B\u2018 podle n\u00e1vrhu klasifikace \u010cesk\u00e9 pneumologick\u00e9 a ftizeologick\u00e9 spole\u010dnosti. Tedy \u017ee tito lid\u00e9 maj\u00ed po prod\u011bl\u00e1n\u00ed covidu pot\u00ed\u017ee, ale nelze je zm\u011b\u0159it nebo zobrazit. Symptomy v\u00a0t\u011bchto p\u0159\u00edpadech obvykle po dvan\u00e1cti a v\u00edce t\u00fddnech odezn\u00ed samy nebo jim k\u00a0tomu dopom\u016f\u017ee rehabilitace plic,\u201c\u00a0<\/em>\u0159\u00edk\u00e1 MUDr. Genzor. <\/span><\/p>\n<p>[\/et_pb_text][\/et_pb_column][\/et_pb_row][\/et_pb_section]<\/p>\n","protected":false},"excerpt":{"rendered":"<p>Postcovid\u016f bude ub\u00fdvat, shoduj\u00ed se l\u00e9ka\u0159i Probl\u00e9my s d\u00fdch\u00e1n\u00edm by p\u0159esto lid\u00e9 podce\u0148ovat nem\u011bli &nbsp; Praha, 10. 2. 2022 \u2013 V\u00a0\u010cesku denn\u011b p\u0159ib\u00fdv\u00e1 n\u011bkolik des\u00edtek tis\u00edc pacient\u016f s\u00a0nemoc\u00ed covid-19. Novou mutaci omikron podle l\u00e9ka\u0159\u016f prov\u00e1z\u00ed slab\u0161\u00ed pr\u016fb\u011bh ne\u017e p\u0159edchoz\u00ed varianty viru. St\u00e1le m\u00e9n\u011b lid\u00ed proto kon\u010d\u00ed s\u00a0t\u011b\u017ek\u00fdmi p\u0159\u00edznaky v\u00a0nemocnici a podobn\u011b tomu bude i s [&hellip;]<\/p>\n","protected":false},"author":1,"featured_media":0,"parent":0,"menu_order":0,"comment_status":"closed","ping_status":"closed","template":"","meta":{"_et_pb_use_builder":"on","_et_pb_old_content":"","_et_gb_content_width":"","_monsterinsights_skip_tracking":false,"_monsterinsights_sitenote_active":false,"_monsterinsights_sitenote_note":"","_monsterinsights_sitenote_category":0,"footnotes":""},"aioseo_notices":[],"_links":{"self":[{"href":"https:\/\/caro-gard.cz\/index.php?rest_route=\/wp\/v2\/pages\/829"}],"collection":[{"href":"https:\/\/caro-gard.cz\/index.php?rest_route=\/wp\/v2\/pages"}],"about":[{"href":"https:\/\/caro-gard.cz\/index.php?rest_route=\/wp\/v2\/types\/page"}],"author":[{"embeddable":true,"href":"https:\/\/caro-gard.cz\/index.php?rest_route=\/wp\/v2\/users\/1"}],"replies":[{"embeddable":true,"href":"https:\/\/caro-gard.cz\/index.php?rest_route=%2Fwp%2Fv2%2Fcomments&post=829"}],"version-history":[{"count":4,"href":"https:\/\/caro-gard.cz\/index.php?rest_route=\/wp\/v2\/pages\/829\/revisions"}],"predecessor-version":[{"id":1201,"href":"https:\/\/caro-gard.cz\/index.php?rest_route=\/wp\/v2\/pages\/829\/revisions\/1201"}],"wp:attachment":[{"href":"https:\/\/caro-gard.cz\/index.php?rest_route=%2Fwp%2Fv2%2Fmedia&parent=829"}],"curies":[{"name":"wp","href":"https:\/\/api.w.org\/{rel}","templated":true}]}}