{"id":1058,"date":"2024-06-25T15:39:26","date_gmt":"2024-06-25T13:39:26","guid":{"rendered":"https:\/\/caro-gard.cz\/?page_id=1058"},"modified":"2026-02-23T13:20:43","modified_gmt":"2026-02-23T12:20:43","slug":"clanek-davivy-kasel","status":"publish","type":"page","link":"https:\/\/caro-gard.cz\/?page_id=1058","title":{"rendered":"\u010cl\u00e1nek &#8211; D\u00e1viv\u00fd ka\u0161el"},"content":{"rendered":"<p>[et_pb_section fb_built=&#8221;1&#8243; next_background_color=&#8221;#ffffff&#8221; _builder_version=&#8221;4.16&#8243; _module_preset=&#8221;default&#8221; background_image=&#8221;https:\/\/caro-gard.cz\/wp-content\/uploads\/2021\/12\/zahlavi_pozadi.png&#8221; min_height=&#8221;304.2px&#8221; bottom_divider_style=&#8221;slant&#8221; bottom_divider_flip=&#8221;horizontal&#8221; global_colors_info=&#8221;{}&#8221;][et_pb_row _builder_version=&#8221;4.16&#8243; _module_preset=&#8221;default&#8221; custom_margin=&#8221;|auto|-59px|auto||&#8221; global_colors_info=&#8221;{}&#8221;][et_pb_column type=&#8221;4_4&#8243; _builder_version=&#8221;4.16&#8243; _module_preset=&#8221;default&#8221; global_colors_info=&#8221;{}&#8221;][et_pb_text _builder_version=&#8221;4.25.2&#8243; _module_preset=&#8221;default&#8221; text_font=&#8221;Inria Serif|700|||||||&#8221; text_text_color=&#8221;#FFFFFF&#8221; text_font_size=&#8221;30px&#8221; text_line_height=&#8221;1.3em&#8221; header_font=&#8221;Inria Serif|700|||||||&#8221; header_text_align=&#8221;left&#8221; header_text_color=&#8221;#FFFFFF&#8221; header_line_height=&#8221;1.2em&#8221; header_2_font=&#8221;Inria Serif||||||||&#8221; header_2_text_color=&#8221;#FFFFFF&#8221; header_2_font_size=&#8221;24px&#8221; header_2_line_height=&#8221;1.2em&#8221; header_6_font=&#8221;Inria Serif|700|||||||&#8221; header_6_text_color=&#8221;#FFFFFF&#8221; header_6_font_size=&#8221;16px&#8221; header_6_line_height=&#8221;4.7em&#8221; background_enable_image=&#8221;off&#8221; max_width=&#8221;70%&#8221; max_width_tablet=&#8221;70%&#8221; max_width_phone=&#8221;90%&#8221; max_width_last_edited=&#8221;on|phone&#8221; header_font_size_tablet=&#8221;&#8221; header_font_size_phone=&#8221;25px&#8221; header_font_size_last_edited=&#8221;on|phone&#8221; header_2_font_size_tablet=&#8221;24px&#8221; header_2_font_size_phone=&#8221;20px&#8221; header_2_font_size_last_edited=&#8221;on|phone&#8221; header_6_font_size_tablet=&#8221;16px&#8221; header_6_font_size_phone=&#8221;14px&#8221; header_6_font_size_last_edited=&#8221;on|phone&#8221; global_colors_info=&#8221;{}&#8221;]<\/p>\n<div class=\"page\" title=\"Page 1\">\n<div class=\"layoutArea\">\n<div class=\"column\">\n<h1>D\u00e1viv\u00fd ka\u0161el jako zn\u00e1mka v\u00e1\u017en\u00e9 nemoci?<\/h1>\n<h2><em>L\u00e9ka\u0159 varuje p\u0159ed nikotinem hlavn\u011b d\u011bti<\/em><\/h2>\n<p>&nbsp;<\/p>\n<\/div>\n<\/div>\n<\/div>\n<p>[\/et_pb_text][\/et_pb_column][\/et_pb_row][\/et_pb_section][et_pb_section fb_built=&#8221;1&#8243; _builder_version=&#8221;4.16&#8243; _module_preset=&#8221;default&#8221; global_colors_info=&#8221;{}&#8221;][et_pb_row _builder_version=&#8221;4.16&#8243; _module_preset=&#8221;default&#8221; min_height=&#8221;1238.4px&#8221; custom_margin=&#8221;-43px|auto||auto||&#8221; global_colors_info=&#8221;{}&#8221;][et_pb_column type=&#8221;4_4&#8243; _builder_version=&#8221;4.16&#8243; _module_preset=&#8221;default&#8221; global_colors_info=&#8221;{}&#8221;][et_pb_text content_last_edited=&#8221;off|phone&#8221; _builder_version=&#8221;4.25.2&#8243; _module_preset=&#8221;default&#8221; text_font=&#8221;Open Sans||||||||&#8221; text_text_color=&#8221;#404040&#8243; text_font_size=&#8221;16px&#8221; header_3_font=&#8221;Inria Serif|700|||||||&#8221; header_3_text_color=&#8221;#0082AD&#8221; header_3_line_height=&#8221;1.4em&#8221; header_4_font=&#8221;Inria Serif||on||||||&#8221; header_4_text_color=&#8221;#0082AD&#8221; header_4_font_size=&#8221;20px&#8221; header_4_line_height=&#8221;1.3em&#8221; header_6_font=&#8221;Inria Serif|700|||||||&#8221; header_6_text_color=&#8221;#DF428B&#8221; max_width=&#8221;80%&#8221; max_width_tablet=&#8221;80%&#8221; max_width_phone=&#8221;100%&#8221; max_width_last_edited=&#8221;on|phone&#8221; global_colors_info=&#8221;{}&#8221;]<\/p>\n<div><b><span>A\u010dkoliv se n\u00e1m ka\u0161el zd\u00e1 oby\u010dejn\u00fd, m\u016f\u017ee b\u00fdt projevem cel\u00e9 \u0159ady nemoc\u00ed. Od b\u011b\u017en\u00fdch vir\u00f3z a\u017e po z\u00e1va\u017en\u00e9 choroby. I m\u00edrn\u00e9 poka\u0161l\u00e1v\u00e1n\u00ed m\u016f\u017ee znamenat, \u017ee m\u00e1 pacient rakovinu plic, zejm\u00e9na pokud je ku\u0159\u00e1k. Jak \u0159ekl v Epicentru p\u0159ednosta Kliniky nemoc\u00ed plicn\u00edch a tuberkul\u00f3zy Fakultn\u00ed nemocnice Brno MUDr. Milan Sova, v\u011bt\u0161ina n\u00e1dorov\u00fdch onemocn\u011bn\u00ed plic je odhalena a\u017e v pozdn\u00edm stadiu. Varoval hlavn\u011b p\u0159ed stoupaj\u00edc\u00ed oblibou nikotinov\u00fdch s\u00e1\u010dk\u016f a elektronick\u00fdch cigaret mezi d\u011btmi.\u00a0<\/span><\/b><\/div>\n<p>&nbsp;<\/p>\n<p>Ka\u0161el m\u00e1 sv\u016fj typick\u00fd zvuk, ale ka\u017ed\u00fd zn\u00ed jinak. Pokud m\u00e1te pocit, \u017ee si v\u00e1\u0161 bl\u00edzk\u00fd m\u016f\u017ee \u201evyka\u0161lat pl\u00edce z hrudi\u201c \u010di vyd\u00e1v\u00e1 d\u011bsiv\u00e9 a d\u00e1viv\u00e9 zvuky, je\u0161t\u011b to nemus\u00ed znamenat, \u017ee se jedn\u00e1 o z\u00e1va\u017en\u00e9 onemocn\u011bn\u00ed.<\/p>\n<p><em>\u201eN\u011bkdo m\u016f\u017ee m\u00edt nap\u0159. chronickou bronchitidu a m\u016f\u017ee m\u00edt velice nep\u0159\u00edjemn\u00fd ka\u0161el, kter\u00fdm d\u011bs\u00ed lidi okolo, ale potom m\u016f\u017ee b\u00fdt pacient, kter\u00fd jen poka\u0161l\u00e1v\u00e1, ale z\u00e1rove\u0148 m\u016f\u017ee m\u00edt z\u00e1va\u017en\u00e9\u00a0onemocn\u011bn\u00ed, jako je rakovina plic nebo tuberkul\u00f3za,\u201c<\/em> vysv\u011btlil v po\u0159adu Epicentrum MUDr. Sova.<\/p>\n<p>Podle zvuku ka\u0161le se tedy ned\u00e1 ur\u010dit, jakou p\u0159esn\u011b m\u016f\u017ee m\u00edt pacient chorobu. Norm\u00e1ln\u00ed ka\u0161el podle l\u00e9ka\u0159e trv\u00e1 8 t\u00fddn\u016f. Pokud trv\u00e1 d\u00e9le, m\u011bli bychom vyhledat l\u00e9ka\u0159e. Ov\u0161em na pozoru by se m\u011bli m\u00edt zejm\u00e9na ku\u0159\u00e1ci.<\/p>\n<p><em>\u201ePokud m\u00e1 \u010dlov\u011bk chronick\u00fd ka\u0161el, \u0161patn\u011b se mu d\u00fdch\u00e1 nebo vyka\u0161l\u00e1v\u00e1 hleny, kter\u00e9 jsou nap\u0159. zelen\u00e9, m\u011bl by zpozorn\u011bt. Pokud se charakter ka\u0161le m\u011bn\u00ed \u010di ka\u0161le \u010dasto, m\u011bl by se zamyslet. Pokud jde o \u010dlov\u011bka, kter\u00fd kou\u0159\u00ed krabi\u010dku cigaret denn\u011b, tak zcela jist\u011b ka\u0161le, pokud p\u0159edt\u00edm d\u011blal na \u0161acht\u011b horn\u00edka, tak je \u0161ance, \u017ee bude m\u00edt chronick\u00fd ka\u0161el. Pokud se ale ka\u0161el m\u011bn\u00ed, m\u011bn\u00ed se vzhled vyka\u0161lan\u00e9ho hlenu, m\u011bl by se j\u00edt vy\u0161et\u0159it,\u201c<\/em> rad\u00ed pneumolog.<\/p>\n<h2>V\u011bt\u0161ina rakovin plic je odhalena pozd\u011b<\/h2>\n<p>V \u010cesku je mo\u017en\u00e9 nechat se vy\u0161et\u0159it v r\u00e1mci Programu v\u010dasn\u00e9ho z\u00e1chytu rakoviny plic.<\/p>\n<p><em>\u201eTen je ur\u010den pro dlouhodob\u00e9 ku\u0159\u00e1ky ve v\u011bku 55\u201375 let, kte\u0159\u00ed kou\u0159\u00ed minim\u00e1ln\u011b 20 bal\u00ed\u010dkorok\u016f. Bal\u00ed\u010dkorok znamen\u00e1, \u017ee pacient kou\u0159il po dobu jednoho roku jednu krabi\u010dku cigaret denn\u011b, pokud kou\u0159il 2 krabi\u010dky denn\u011b, tak si vykou\u0159\u00ed 20 bal\u00ed\u010dkorok\u016f za deset let,\u201c<\/em> vysv\u011btluje MUDr. Sova s t\u00edm, \u017ee pacient\u016fm je v r\u00e1mci programu provedeno nejen funk\u010dn\u00ed plicn\u00ed vy\u0161et\u0159en\u00ed, ale je posl\u00e1n na n\u00edzkod\u00e1vkov\u00e9 CT, kter\u00e9 je schopno odhalit plicn\u00ed n\u00e1dor v\u010das.<\/p>\n<p>Jak l\u00e9ka\u0159 upozor\u0148uje, rakovina nebol\u00ed, ani ta na plic\u00edch. Velk\u00e1 \u010d\u00e1st\u00a0pacient\u016f je zachycena a\u017e v pozdn\u00edm stadiu, kdy je n\u00e1dor u\u017e pokro\u010dil\u00fd. Podle docenta Sovy nav\u00edc \u010ce\u0161i na prevenci nechod\u00ed.<\/p>\n<p><em>\u201eVelmi \u010dasto se objevuje argument &#8216;nikam nejdu, hlavn\u011b, aby mi n\u011bco nena\u0161li&#8217;. To je samoz\u0159ejm\u011b \u0161patn\u011b, dokud se nenech\u00e1te vy\u0161et\u0159it, nev\u00edte, co ve v\u00e1s je a \u010d\u00edm d\u0159\u00edve je\u00a0n\u00e1dor zachycen, t\u00edm je v\u011bt\u0161\u00ed \u0161ance, \u017ee pacient bude \u017e\u00edt,\u201c<\/em> apeluje l\u00e9ka\u0159 na ve\u0159ejnost.<\/p>\n<h2>Z\u00e1vislost na tab\u00e1ku jako na heroinu<\/h2>\n<p>Odborn\u00e1 ve\u0159ejnost \u010dasto vol\u00e1 o regulaci prodeje tab\u00e1kov\u00fdch v\u00fdrobk\u016f. Podle MUDr. Sovy prob\u00edh\u00e1 u\u017e regulace t\u00edm, \u017ee tab\u00e1kov\u00e9 v\u00fdrobky zdra\u017euj\u00ed. V \u0159ad\u011b evropsk\u00fdch zem\u00ed zdra\u017eov\u00e1n\u00ed vedlo ke sni\u017eov\u00e1n\u00ed u\u017e\u00edv\u00e1n\u00ed tab\u00e1kov\u00fdch v\u00fdrobk\u016f.<\/p>\n<p>Jako v\u011bt\u0161\u00ed probl\u00e9m v budoucnu vid\u00ed l\u00e9ka\u0159 to, \u017ee roste\u00a0po\u010det u\u017e\u00edv\u00e1n\u00ed tab\u00e1kov\u00fdch v\u00fdrobk\u016f u d\u011bt\u00ed.<\/p>\n<p><em>\u201eD\u011bti za\u010d\u00ednaj\u00ed u\u017e\u00edvat nap\u0159. nikotinov\u00e9 s\u00e1\u010dky nebo vapovat u\u017e velmi brzy. V rodin\u00e1ch by se m\u011blo na toto t\u00e9ma v\u00edce komunikovat, vysv\u011btlovat jim rizika kou\u0159en\u00ed a p\u0159esv\u011bd\u010dit je o tom, \u017ee ide\u00e1ln\u00ed je v\u016fbec s tab\u00e1kov\u00fdmi v\u00fdrobky neza\u010d\u00ednat.\u010c\u00edm d\u0159\u00edve se d\u011bti vystav\u00ed nikotinu, t\u00edm je v\u011bt\u0161\u00ed riziko, \u017ee se u nich vytvo\u0159\u00ed opravdu siln\u00e1 z\u00e1vislost, stejn\u011b siln\u00e1, jako je nap\u0159. na heroinu,\u201c<\/em> varuje MUDr. Milan Sova.<\/p>\n<p>Situaci podle n\u011bj komplikuje i to, \u017ee d\u0159\u00edve, pokud d\u00edt\u011b kou\u0159ilo, byla z n\u011bj cigareta c\u00edtit a rodi\u010de mohli zakro\u010dit. Nyn\u00ed u\u017e nap\u0159. elektronick\u00e9 cigarety tak c\u00edtit nejsou. Proto je t\u0159eba d\u011bti upozor\u0148ovat na \u0161kodlivost nikotinu p\u0159edem.<\/p>\n<p>[\/et_pb_text][\/et_pb_column][\/et_pb_row][\/et_pb_section]<\/p>\n","protected":false},"excerpt":{"rendered":"<p>D\u00e1viv\u00fd ka\u0161el jako zn\u00e1mka v\u00e1\u017en\u00e9 nemoci? L\u00e9ka\u0159 varuje p\u0159ed nikotinem hlavn\u011b d\u011bti &nbsp; A\u010dkoliv se n\u00e1m ka\u0161el zd\u00e1 oby\u010dejn\u00fd, m\u016f\u017ee b\u00fdt projevem cel\u00e9 \u0159ady nemoc\u00ed. Od b\u011b\u017en\u00fdch vir\u00f3z a\u017e po z\u00e1va\u017en\u00e9 choroby. I m\u00edrn\u00e9 poka\u0161l\u00e1v\u00e1n\u00ed m\u016f\u017ee znamenat, \u017ee m\u00e1 pacient rakovinu plic, zejm\u00e9na pokud je ku\u0159\u00e1k. Jak \u0159ekl v Epicentru p\u0159ednosta Kliniky nemoc\u00ed plicn\u00edch a [&hellip;]<\/p>\n","protected":false},"author":1,"featured_media":0,"parent":0,"menu_order":0,"comment_status":"closed","ping_status":"closed","template":"","meta":{"_et_pb_use_builder":"on","_et_pb_old_content":"","_et_gb_content_width":"","_monsterinsights_skip_tracking":false,"_monsterinsights_sitenote_active":false,"_monsterinsights_sitenote_note":"","_monsterinsights_sitenote_category":0,"footnotes":""},"aioseo_notices":[],"_links":{"self":[{"href":"https:\/\/caro-gard.cz\/index.php?rest_route=\/wp\/v2\/pages\/1058"}],"collection":[{"href":"https:\/\/caro-gard.cz\/index.php?rest_route=\/wp\/v2\/pages"}],"about":[{"href":"https:\/\/caro-gard.cz\/index.php?rest_route=\/wp\/v2\/types\/page"}],"author":[{"embeddable":true,"href":"https:\/\/caro-gard.cz\/index.php?rest_route=\/wp\/v2\/users\/1"}],"replies":[{"embeddable":true,"href":"https:\/\/caro-gard.cz\/index.php?rest_route=%2Fwp%2Fv2%2Fcomments&post=1058"}],"version-history":[{"count":3,"href":"https:\/\/caro-gard.cz\/index.php?rest_route=\/wp\/v2\/pages\/1058\/revisions"}],"predecessor-version":[{"id":1208,"href":"https:\/\/caro-gard.cz\/index.php?rest_route=\/wp\/v2\/pages\/1058\/revisions\/1208"}],"wp:attachment":[{"href":"https:\/\/caro-gard.cz\/index.php?rest_route=%2Fwp%2Fv2%2Fmedia&parent=1058"}],"curies":[{"name":"wp","href":"https:\/\/api.w.org\/{rel}","templated":true}]}}